{"id":8,"date":"2020-09-27T19:13:22","date_gmt":"2020-09-27T17:13:22","guid":{"rendered":"http:\/\/afrikagri-consulting.com\/?page_id=8"},"modified":"2020-09-27T19:42:51","modified_gmt":"2020-09-27T17:42:51","slug":"nos-missions","status":"publish","type":"page","link":"https:\/\/www.afrikagri-consulting.com\/index.php\/nos-missions\/","title":{"rendered":"Nos missions"},"content":{"rendered":"\n<p><strong>Afrik Agri Consulting<\/strong> a pour mission le d\u00e9veloppement de l\u2019agroalimentaire africain par l\u2019accompagnement d\u2019entreprises sur les maillons de la cha\u00eene de valeur agroalimentaire par des actions de conseil, d\u2019audit, de formation et de coaching d\u2019organisation.<\/p>\n\n\n\n<p><strong>Afrik Agri Consulting<\/strong> intervient sur toutes les composantes de l\u2019entreprise agroalimentaire : optimisation des process d\u2019organisation, de management et de production, qualit\u00e9 et s\u00e9curit\u00e9 sanitaire des produits alimentaires, tra\u00e7abilit\u00e9, suivi et pilotage, innovation et collaborations en R&amp;D, distribution.<\/p>\n","protected":false},"excerpt":{"rendered":"<p>Afrik Agri Consulting a pour mission le d\u00e9veloppement de l\u2019agroalimentaire africain par l\u2019accompagnement d\u2019entreprises sur les maillons de la cha\u00eene de valeur agroalimentaire par des actions de conseil, [&hellip;]<\/p>\n","protected":false},"author":1,"featured_media":0,"parent":0,"menu_order":0,"comment_status":"closed","ping_status":"closed","template":"template-fullwide.php","meta":[],"_links":{"self":[{"href":"https:\/\/www.afrikagri-consulting.com\/index.php\/wp-json\/wp\/v2\/pages\/8"}],"collection":[{"href":"https:\/\/www.afrikagri-consulting.com\/index.php\/wp-json\/wp\/v2\/pages"}],"about":[{"href":"https:\/\/www.afrikagri-consulting.com\/index.php\/wp-json\/wp\/v2\/types\/page"}],"author":[{"embeddable":true,"href":"https:\/\/www.afrikagri-consulting.com\/index.php\/wp-json\/wp\/v2\/users\/1"}],"replies":[{"embeddable":true,"href":"https:\/\/www.afrikagri-consulting.com\/index.php\/wp-json\/wp\/v2\/comments?post=8"}],"version-history":[{"count":2,"href":"https:\/\/www.afrikagri-consulting.com\/index.php\/wp-json\/wp\/v2\/pages\/8\/revisions"}],"predecessor-version":[{"id":32,"href":"https:\/\/www.afrikagri-consulting.com\/index.php\/wp-json\/wp\/v2\/pages\/8\/revisions\/32"}],"wp:attachment":[{"href":"https:\/\/www.afrikagri-consulting.com\/index.php\/wp-json\/wp\/v2\/media?parent=8"}],"curies":[{"name":"wp","href":"https:\/\/api.w.org\/{rel}","templated":true}]}}