{"id":42,"date":"2020-09-27T20:05:02","date_gmt":"2020-09-27T18:05:02","guid":{"rendered":"http:\/\/afrikagri-consulting.com\/?page_id=42"},"modified":"2020-09-27T20:08:47","modified_gmt":"2020-09-27T18:08:47","slug":"contact","status":"publish","type":"page","link":"https:\/\/www.afrikagri-consulting.com\/index.php\/contact\/","title":{"rendered":"Contact"},"content":{"rendered":"\n<p>Notre si\u00e8ge est situ\u00e9 au B\u00e9nin et notre premi\u00e8re antenne est au Cameroun.<\/p>\n\n\n\n<p><\/p>\n\n\n\n<p>Pour nous contacter : contact @ afrikagri-consulting.com<\/p>\n","protected":false},"excerpt":{"rendered":"<p>Notre si\u00e8ge est situ\u00e9 au B\u00e9nin et notre premi\u00e8re antenne est au Cameroun. Pour nous contacter : contact @ afrikagri-consulting.com<\/p>\n","protected":false},"author":1,"featured_media":0,"parent":0,"menu_order":0,"comment_status":"closed","ping_status":"closed","template":"","meta":[],"_links":{"self":[{"href":"https:\/\/www.afrikagri-consulting.com\/index.php\/wp-json\/wp\/v2\/pages\/42"}],"collection":[{"href":"https:\/\/www.afrikagri-consulting.com\/index.php\/wp-json\/wp\/v2\/pages"}],"about":[{"href":"https:\/\/www.afrikagri-consulting.com\/index.php\/wp-json\/wp\/v2\/types\/page"}],"author":[{"embeddable":true,"href":"https:\/\/www.afrikagri-consulting.com\/index.php\/wp-json\/wp\/v2\/users\/1"}],"replies":[{"embeddable":true,"href":"https:\/\/www.afrikagri-consulting.com\/index.php\/wp-json\/wp\/v2\/comments?post=42"}],"version-history":[{"count":3,"href":"https:\/\/www.afrikagri-consulting.com\/index.php\/wp-json\/wp\/v2\/pages\/42\/revisions"}],"predecessor-version":[{"id":48,"href":"https:\/\/www.afrikagri-consulting.com\/index.php\/wp-json\/wp\/v2\/pages\/42\/revisions\/48"}],"wp:attachment":[{"href":"https:\/\/www.afrikagri-consulting.com\/index.php\/wp-json\/wp\/v2\/media?parent=42"}],"curies":[{"name":"wp","href":"https:\/\/api.w.org\/{rel}","templated":true}]}}