{"id":37,"date":"2020-09-27T19:50:37","date_gmt":"2020-09-27T17:50:37","guid":{"rendered":"http:\/\/afrikagri-consulting.com\/?page_id=37"},"modified":"2020-09-27T20:07:29","modified_gmt":"2020-09-27T18:07:29","slug":"notre-offre","status":"publish","type":"page","link":"https:\/\/www.afrikagri-consulting.com\/index.php\/notre-offre\/","title":{"rendered":"Notre offre"},"content":{"rendered":"\n<p><strong>Afrik Agri Consulting<\/strong> accompagne les entreprises de\nproduction, de transformation et de distribution agroalimentaire dans l&rsquo;am\u00e9lioration\nde leurs performances. G\u00e9n\u00e9ralement il s&rsquo;agit&nbsp;:<\/p>\n\n\n\n<ul><li>d&rsquo;am\u00e9liorer la qualit\u00e9 ou la quantit\u00e9 de la production&nbsp;;<\/li><li>d&rsquo;optimiser le fonctionnement global de l&rsquo;entreprise&nbsp;;<\/li><li>de mettre aux normes d&rsquo;hygi\u00e8ne et de s\u00e9curit\u00e9 sanitaire des aliments<\/li><li>d\u2019installer un syst\u00e8me de tra\u00e7abilit\u00e9, notamment pour permettre l&rsquo;exportation des produits&nbsp;;<\/li><li>de repenser le positionnement de l&rsquo;entreprise en termes de produits, d&rsquo;organisation, de m\u00e9thodologie, de mod\u00e8le d&rsquo;affaires ou de positionnement sur la cha\u00eene de valeur<\/li><\/ul>\n\n\n\n<p>\nNous op\u00e9rons sur l\u2019Afrique francophone sub-saharienne.\n\n<\/p>\n","protected":false},"excerpt":{"rendered":"<p>Afrik Agri Consulting accompagne les entreprises de production, de transformation et de distribution agroalimentaire dans l&rsquo;am\u00e9lioration de leurs performances. G\u00e9n\u00e9ralement il s&rsquo;agit&nbsp;: d&rsquo;am\u00e9liorer la qualit\u00e9 ou la quantit\u00e9 [&hellip;]<\/p>\n","protected":false},"author":1,"featured_media":0,"parent":0,"menu_order":0,"comment_status":"closed","ping_status":"closed","template":"","meta":[],"_links":{"self":[{"href":"https:\/\/www.afrikagri-consulting.com\/index.php\/wp-json\/wp\/v2\/pages\/37"}],"collection":[{"href":"https:\/\/www.afrikagri-consulting.com\/index.php\/wp-json\/wp\/v2\/pages"}],"about":[{"href":"https:\/\/www.afrikagri-consulting.com\/index.php\/wp-json\/wp\/v2\/types\/page"}],"author":[{"embeddable":true,"href":"https:\/\/www.afrikagri-consulting.com\/index.php\/wp-json\/wp\/v2\/users\/1"}],"replies":[{"embeddable":true,"href":"https:\/\/www.afrikagri-consulting.com\/index.php\/wp-json\/wp\/v2\/comments?post=37"}],"version-history":[{"count":3,"href":"https:\/\/www.afrikagri-consulting.com\/index.php\/wp-json\/wp\/v2\/pages\/37\/revisions"}],"predecessor-version":[{"id":46,"href":"https:\/\/www.afrikagri-consulting.com\/index.php\/wp-json\/wp\/v2\/pages\/37\/revisions\/46"}],"wp:attachment":[{"href":"https:\/\/www.afrikagri-consulting.com\/index.php\/wp-json\/wp\/v2\/media?parent=37"}],"curies":[{"name":"wp","href":"https:\/\/api.w.org\/{rel}","templated":true}]}}