{"id":23,"date":"2020-09-27T19:26:44","date_gmt":"2020-09-27T17:26:44","guid":{"rendered":"http:\/\/afrikagri-consulting.com\/?page_id=23"},"modified":"2020-09-27T19:26:44","modified_gmt":"2020-09-27T17:26:44","slug":"qui-sommes-nous-2","status":"publish","type":"page","link":"https:\/\/www.afrikagri-consulting.com\/","title":{"rendered":"Qui sommes nous ?"},"content":{"rendered":"\n<h2><\/h2>\n\n\n\n<p><strong>Afrik Agri Consulting<\/strong> est une entreprise de conseil en intelligence organisationnelle et manag\u00e9riale d\u2019entreprises agroalimentaires africaines intervenant sur l\u2019optimisation des organisations et des process, la qualit\u00e9, la R&amp;D et l\u2019innovation.<\/p>\n\n\n\n<p>Les c\u0153urs de m\u00e9tier d\u2019<strong>Afrik Agri Consulting<\/strong> sont l\u2019accompagnement des entreprises -conseil, audit, \u00e9tude, formation, coaching d\u2019organisation- au service de la mod\u00e9lisation d\u2019entreprises et du positionnement de leur mod\u00e8le d\u2019affaires de l\u2019assurance qualit\u00e9, de la bios\u00e9curit\u00e9 et de la s\u00e9curit\u00e9 sanitaire des aliments, de la recherche et d\u00e9veloppement et de l\u2019innovation par l\u2019intelligence collective.<\/p>\n\n\n\n<p><\/p>\n","protected":false},"excerpt":{"rendered":"<p>Afrik Agri Consulting est une entreprise de conseil en intelligence organisationnelle et manag\u00e9riale d\u2019entreprises agroalimentaires africaines intervenant sur l\u2019optimisation des organisations et des process, la qualit\u00e9, la R&amp;D [&hellip;]<\/p>\n","protected":false},"author":1,"featured_media":0,"parent":0,"menu_order":0,"comment_status":"closed","ping_status":"closed","template":"","meta":[],"_links":{"self":[{"href":"https:\/\/www.afrikagri-consulting.com\/index.php\/wp-json\/wp\/v2\/pages\/23"}],"collection":[{"href":"https:\/\/www.afrikagri-consulting.com\/index.php\/wp-json\/wp\/v2\/pages"}],"about":[{"href":"https:\/\/www.afrikagri-consulting.com\/index.php\/wp-json\/wp\/v2\/types\/page"}],"author":[{"embeddable":true,"href":"https:\/\/www.afrikagri-consulting.com\/index.php\/wp-json\/wp\/v2\/users\/1"}],"replies":[{"embeddable":true,"href":"https:\/\/www.afrikagri-consulting.com\/index.php\/wp-json\/wp\/v2\/comments?post=23"}],"version-history":[{"count":1,"href":"https:\/\/www.afrikagri-consulting.com\/index.php\/wp-json\/wp\/v2\/pages\/23\/revisions"}],"predecessor-version":[{"id":24,"href":"https:\/\/www.afrikagri-consulting.com\/index.php\/wp-json\/wp\/v2\/pages\/23\/revisions\/24"}],"wp:attachment":[{"href":"https:\/\/www.afrikagri-consulting.com\/index.php\/wp-json\/wp\/v2\/media?parent=23"}],"curies":[{"name":"wp","href":"https:\/\/api.w.org\/{rel}","templated":true}]}}